{"id":9,"date":"2025-01-16T12:08:32","date_gmt":"2025-01-16T12:08:32","guid":{"rendered":"https:\/\/www.nawayou.ci\/?page_id=9"},"modified":"2025-07-14T10:31:10","modified_gmt":"2025-07-14T10:31:10","slug":"accueil","status":"publish","type":"page","link":"https:\/\/www.nawayou.ci\/","title":{"rendered":"Accueil"},"content":{"rendered":"\n<p class=\"has-text-align-center\"><a href=\"http:\/\/nawayou.ci\/wp-content\/uploads\/PageDaccueil\">Page d&rsquo;accueil<\/a><\/p>\n\n\n\n<div class=\"wp-block-columns is-layout-flex wp-container-core-columns-is-layout-28f84493 wp-block-columns-is-layout-flex\">\n<div class=\"wp-block-column is-vertically-aligned-stretch is-layout-flow wp-block-column-is-layout-flow\" style=\"flex-basis:100%\">\n<details class=\"wp-block-details is-layout-flow wp-block-details-is-layout-flow\"><summary><\/summary>\n<div style=\"width: 100vw; margin-left: calc(-50vw + 50%); position: relative; padding-bottom: 56.25%; height: 0; overflow: hidden;\">\n  <iframe src=\"https:\/\/www.nawayou.ci\/wp-content\/uploads\/SITE_ZOZOR\/Zozor1.html\"\n          style=\"position: absolute; top: 0; left: 0; width: 100%; height: 100%; border: none;\"\n          allowfullscreen\n          loading=\"lazy\">\n  <\/iframe>\n<\/div>\n\n\n\n<div class=\"wp-block-columns is-layout-flex wp-container-core-columns-is-layout-28f84493 wp-block-columns-is-layout-flex\">\n<div class=\"wp-block-column is-layout-flow wp-block-column-is-layout-flow\"><\/div>\n\n\n\n<div class=\"wp-block-column is-layout-flow wp-block-column-is-layout-flow\"><\/div>\n<\/div>\n<\/details>\n<\/div>\n<\/div>\n\n\n\n<p><a href=\"http:\/\/nawayou.ci\/pageAccueil\">Page Accueil<\/a><\/p>\n\n\n\n<p class=\"has-text-align-center\">Livre num\u00e9rique  et interactif <\/p>\n\n\n\n<p class=\"has-text-align-center\">                     Cliquez ici &#8230;..<\/p>\n\n\n\n<p class=\"has-text-align-center\"><a href=\"https:\/\/www.nawayou.ci\/wp-content\/uploads\/decodabl_Couverture\/index.html\">le d\u00e9codable<\/a><\/p>\n\n\n\n<p class=\"has-text-align-center\"><a href=\"https:\/\/www.nawayou.ci\/wp-content\/uploads\/graphismLecon1-2\/graphismLecon1-2.html\">le graphisme<\/a><\/p>\n\n\n\n<p><a href=\"http:\/\/nawayou.ci\/LudoEducative\">jeu de ludo \u00e9ducative<\/a><\/p>\n\n\n\n<p><a href=\"http:\/\/nawayou.ci\/TriParCouleur\">jeu de tri par couleur<\/a><\/p>\n\n\n\n<p><a href=\"http:\/\/nawayou.ci\/superAlpha\">jeu de super alpha<\/a><\/p>\n\n\n\n<p><a href=\"https:\/\/www.nawayou.ci\/wp-content\/uploads\/2025\/01\/interfaceLecture2.html\" data-type=\"link\" data-id=\"https:\/\/www.nawayou.ci\/wp-content\/uploads\/2025\/01\/interfaceLecture2.html\">Le D\u00e9codable (ancienne version<\/a>)<\/p>\n\n\n\n<p><a href=\"http:\/\/nawayou.ci\/cp1fr0\">LectureCP1<\/a><\/p>\n\n\n\n<p>decodabl_Le<a href=\"https:\/\/www.nawayou.ci\/wp-content\/uploads\/decodabl_Lecon1a_test1\/decodabl_Lecon1a_test1.html\">https:\/\/www.nawayou.ci\/wp-content\/uploads\/decodabl_Lecon1a_test1\/decodabl_Lecon1a_test1.html<\/a>con1a_test<\/p>\n\n\n\n<p><a href=\"http:\/\/nawayou.ci\/menuNav1\">Menu navigation 1<\/a>      <\/p>\n\n\n\n<p><a href=\"http:\/\/nawayou.ci\/menuNav1\/menuNav1.html\">Menu navigation 2<\/a><\/p>\n\n\n\n<p><a href=\"http:\/\/nawayou.ci\/wp-content\/uploads\/SiteWebEducatif1\">Site web \u00e9ducatif 1<\/a><\/p>\n\n\n\n<p>zoneCli<a href=\"http:\/\/nawayou.ci\/wp-content\/uploads\/zoneCliquable2\/zoneCliquable2.html\">http:\/\/nawayou.ci\/wp-content\/uploads\/zoneCliquable2\/zoneCliquable2.html<\/a>quable2<\/p>\n\n\n\n<p><a href=\"https:\/\/www.nawayou.ci\/wp-content\/uploads\/SITE_ZOZOR\/Zozor1.html\">Site du Zozor<\/a><\/p>\n\n\n\n<p><a href=\"https:\/\/www.nawayou.ci\/wp-content\/uploads\/decodabl_Lecon5c\/decodabl_Lecon5b.html\">decodabl_Lecon5c<\/a><\/p>\n\n\n\n<p><a href=\"http:\/\/nawayou.ci\/wp-content\/uploads\/resizeCanvas2\">resizeCanvas2<\/a><\/p>\n\n\n\n<p><a href=\"http:\/\/nawayou.ci\/wp-content\/uploads\/resizeCanvas5\">resizeCanvas5<\/a><\/p>\n\n\n\n<p><a href=\"http:\/\/nawayou.ci\/wp-content\/uploads\/resizeCanvas6\">resizeCanvas6<\/a><\/p>\n\n\n\n<p><a href=\"http:\/\/nawayou.ci\/wp-content\/uploads\/resizeCanvas7\">resizeCanvas7<\/a><\/p>\n\n\n\n<p><a href=\"http:\/\/nawayou.ci\/wp-content\/uploads\/resizeCanvas8\">resizeCanvas8<\/a><\/p>\n\n\n\n<p><a href=\"http:\/\/nawayou.ci\/wp-content\/uploads\/resizeCanvas9\">resizeCanvas9<\/a><\/p>\n\n\n\n<p><a href=\"http:\/\/nawayou.ci\/wp-content\/uploads\/redimension3\/redimension3.html\">redimension3<\/a><\/p>\n\n\n\n<p><a href=\"http:\/\/nawayou.ci\/wp-content\/uploads\/decodabl_Lecon5d\/decodabl_Lecon5b.html\">decodabl_Lecon5d<\/a><\/p>\n\n\n\n<p><a href=\"http:\/\/nawayou.ci\/wp-content\/uploads\/redimensionner3f\/redimensionner3f.html\">redimensionner3f<\/a><\/p>\n\n\n\n<p><\/p>\n","protected":false},"excerpt":{"rendered":"<p>Page d&rsquo;accueil Page Accueil Livre num\u00e9rique et interactif Cliquez ici &#8230;.. le d\u00e9codable le graphisme jeu de ludo \u00e9ducative jeu de tri par couleur jeu de super alpha Le D\u00e9codable (ancienne version) LectureCP1 decodabl_Lehttps:\/\/www.nawayou.ci\/wp-content\/uploads\/decodabl_Lecon1a_test1\/decodabl_Lecon1a_test1.htmlcon1a_test Menu navigation 1 Menu navigation 2 Site web \u00e9ducatif 1 zoneClihttp:\/\/nawayou.ci\/wp-content\/uploads\/zoneCliquable2\/zoneCliquable2.htmlquable2 Site du Zozor decodabl_Lecon5c resizeCanvas2 resizeCanvas5 resizeCanvas6 resizeCanvas7 resizeCanvas8 resizeCanvas9 [&hellip;]<\/p>\n","protected":false},"author":1,"featured_media":0,"parent":0,"menu_order":0,"comment_status":"closed","ping_status":"closed","template":"","meta":{"footnotes":""},"class_list":["post-9","page","type-page","status-publish","hentry"],"_links":{"self":[{"href":"https:\/\/www.nawayou.ci\/index.php\/wp-json\/wp\/v2\/pages\/9","targetHints":{"allow":["GET"]}}],"collection":[{"href":"https:\/\/www.nawayou.ci\/index.php\/wp-json\/wp\/v2\/pages"}],"about":[{"href":"https:\/\/www.nawayou.ci\/index.php\/wp-json\/wp\/v2\/types\/page"}],"author":[{"embeddable":true,"href":"https:\/\/www.nawayou.ci\/index.php\/wp-json\/wp\/v2\/users\/1"}],"replies":[{"embeddable":true,"href":"https:\/\/www.nawayou.ci\/index.php\/wp-json\/wp\/v2\/comments?post=9"}],"version-history":[{"count":113,"href":"https:\/\/www.nawayou.ci\/index.php\/wp-json\/wp\/v2\/pages\/9\/revisions"}],"predecessor-version":[{"id":320,"href":"https:\/\/www.nawayou.ci\/index.php\/wp-json\/wp\/v2\/pages\/9\/revisions\/320"}],"wp:attachment":[{"href":"https:\/\/www.nawayou.ci\/index.php\/wp-json\/wp\/v2\/media?parent=9"}],"curies":[{"name":"wp","href":"https:\/\/api.w.org\/{rel}","templated":true}]}}